{"id":2020,"date":"2016-03-21T07:11:16","date_gmt":"2016-03-21T07:11:16","guid":{"rendered":"http:\/\/connection.modeltheme.com\/?page_id=2020"},"modified":"2026-03-21T13:28:16","modified_gmt":"2026-03-21T13:28:16","slug":"about-us","status":"publish","type":"page","link":"https:\/\/www.liongarage.net\/index.php\/about-us\/","title":{"rendered":"Hakk\u0131m\u0131zda"},"content":{"rendered":"<div class=\"wpb-content-wrapper\"><p>[vc_row full_width=&#8221;stretch_row_content&#8221; content_placement=&#8221;middle&#8221; css=&#8221;.vc_custom_1488465914497{margin-top: 0px !important;margin-bottom: 0px !important;padding-top: 0px !important;padding-bottom: 0px !important;}&#8221;][vc_column width=&#8221;1\/2&#8243; css=&#8221;.vc_custom_1475066783855{margin-right: 0px !important;margin-bottom: 0px !important;margin-left: 0px !important;padding-right: 0px !important;padding-left: 0px !important;}&#8221; el_class=&#8221;col-xs-12 col-sm-12&#8243;][vc_row_inner content_placement=&#8221;top&#8221; css=&#8221;.vc_custom_1475067809780{margin-right: 0px !important;margin-bottom: 0px !important;margin-left: 0px !important;padding-right: 60px !important;padding-bottom: 0px !important;padding-left: 60px !important;}&#8221; el_class=&#8221;about-mobile-responsive&#8221;][vc_column_inner css=&#8221;.vc_custom_1467188481059{margin-top: 0px !important;margin-bottom: 0px !important;padding-top: 0px !important;padding-bottom: 0px !important;}&#8221;][vc_custom_heading text=&#8221;HAKKIMIZDA&#8221; font_container=&#8221;tag:h1|font_size:36px|text_align:left|color:%23252525|line_height:30px&#8221; google_fonts=&#8221;font_family:Montserrat%3Aregular%2C700|font_style:700%20bold%20regular%3A700%3Anormal&#8221; css=&#8221;&#8221;][vc_empty_space height=&#8221;20px&#8221;][vc_column_text css=&#8221;&#8221;]<span style=\"color: #252525;\">50 y\u0131l \u00f6nce Gaziantep&#8217;te ba\u015flayan meslek ser\u00fcvenimiz; Mercedes-Benz, AUDI, BMW, Porsche ve Range Rover gibi l\u00fcks segment ara\u00e7lar\u0131n yetkili onar\u0131m servislerinde \u00e7al\u0131\u015farak devam etti.<\/span><\/p>\n<p>2019 Y\u0131l\u0131n\u0131n Ekim ay\u0131nda, Ba\u015fak\u015fehir&#8217;de LION GARAGE ad\u0131 alt\u0131nda kendi onar\u0131m merkezimizi hizmete a\u00e7t\u0131k. Ge\u00e7en s\u00fcre zarf\u0131nda olduk\u00e7a de\u011ferli insanlarda tan\u0131\u015f\u0131p, ara\u00e7lar\u0131ndaki problemleri en do\u011fru \u015fekilde \u00e7\u00f6z\u00fcme kavu\u015fturduk.<\/p>\n<p>LION GARAGE ailesi olarak, her arac\u0131 kendi arac\u0131m\u0131z gibi g\u00f6r\u00fcyoruz. Bundan sonraki s\u00fcre\u00e7te de arac\u0131n\u0131zdaki problem ne olursa olsun, \u00e7\u00f6z\u00fcme kavu\u015fturmak i\u00e7in her zaman haz\u0131r\u0131z.<\/p>\n<p>&nbsp;<\/p>\n<p>[\/vc_column_text][\/vc_column_inner][\/vc_row_inner][\/vc_column][vc_column width=&#8221;1\/2&#8243; css=&#8221;.vc_custom_1475066778372{margin-top: 0px !important;margin-right: 0px !important;margin-bottom: 0px !important;margin-left: 0px !important;padding-top: 0px !important;padding-right: 0px !important;padding-bottom: 0px !important;padding-left: 0px !important;}&#8221; el_class=&#8221;col-xs-12 col-sm-12&#8243;][vc_column_text css_animation=&#8221;fadeIn&#8221;]<img loading=\"lazy\" decoding=\"async\" class=\"size-full wp-image-6540 aligncenter\" src=\"http:\/\/www.liongarage.net\/wp-content\/uploads\/2016\/03\/about_us_pic.jpg\" alt=\"\" width=\"1920\" height=\"1024\" srcset=\"https:\/\/www.liongarage.net\/wp-content\/uploads\/2016\/03\/about_us_pic.jpg 1920w, https:\/\/www.liongarage.net\/wp-content\/uploads\/2016\/03\/about_us_pic-300x160.jpg 300w, https:\/\/www.liongarage.net\/wp-content\/uploads\/2016\/03\/about_us_pic-1024x546.jpg 1024w, https:\/\/www.liongarage.net\/wp-content\/uploads\/2016\/03\/about_us_pic-768x410.jpg 768w, https:\/\/www.liongarage.net\/wp-content\/uploads\/2016\/03\/about_us_pic-1536x819.jpg 1536w\" sizes=\"auto, (max-width: 1920px) 100vw, 1920px\" \/>[\/vc_column_text][\/vc_column][\/vc_row][vc_row full_width=&#8221;stretch_row&#8221; css=&#8221;.vc_custom_1488284163790{margin-top: 0px !important;margin-bottom: 0px !important;padding-top: 80px !important;padding-bottom: 50px !important;}&#8221;][vc_column]<div class=\"row\"><div class=\"wow fadeInUp mt_clients_slider clients_container_shortcode-4 owl-carousel owl-theme\"><div class=\"clients_image_holder post\"><div class=\"item col-md-12\"><div class=\"clients_image_holder_inside post\" style=\"background-color:;\"><img decoding=\"async\" class=\"client_image\" src=\"https:\/\/www.liongarage.net\/wp-content\/uploads\/2016\/01\/Resim3.png\" alt=\"Client4\" \/><\/div><\/div><\/div><div class=\"clients_image_holder post\"><div class=\"item col-md-12\"><div class=\"clients_image_holder_inside post\" style=\"background-color:;\"><img decoding=\"async\" class=\"client_image\" src=\"https:\/\/www.liongarage.net\/wp-content\/uploads\/2016\/01\/Resim1-1.png\" alt=\"Client3\" \/><\/div><\/div><\/div><div class=\"clients_image_holder post\"><div class=\"item col-md-12\"><div class=\"clients_image_holder_inside post\" style=\"background-color:;\"><img decoding=\"async\" class=\"client_image\" src=\"https:\/\/www.liongarage.net\/wp-content\/uploads\/2016\/01\/Resim2.png\" alt=\"Client2\" \/><\/div><\/div><\/div><div class=\"clients_image_holder post\"><div class=\"item col-md-12\"><div class=\"clients_image_holder_inside post\" style=\"background-color:;\"><img decoding=\"async\" class=\"client_image\" src=\"https:\/\/www.liongarage.net\/wp-content\/uploads\/2016\/01\/Resim1.png\" alt=\"Client1\" \/><\/div><\/div><\/div><\/div><\/div>[\/vc_column][\/vc_row][vc_row full_width=&#8221;stretch_row&#8221; css=&#8221;.vc_custom_1709893392231{margin-top: 0px !important;margin-bottom: 0px !important;padding-top: 85px !important;padding-bottom: 25px !important;background-image: url(https:\/\/diagnose.modeltheme.com\/wp-content\/uploads\/2016\/02\/pricing_style1_background.jpg?id=6225) !important;background-position: center !important;background-repeat: no-repeat !important;background-size: cover !important;}&#8221;][vc_column][vc_row_inner css=&#8221;.vc_custom_1467201489173{margin-bottom: 0px !important;padding-bottom: 60px !important;}&#8221;][vc_column_inner width=&#8221;1\/3&#8243;]<div class=\"row\"><div class=\"pricing-section wow bounce\"><div id=\"pricing_tbl-69e1c9053eb5f\" class=\"pricing pricing--tenzin\"><div class=\"pricing__item \"><h3 class=\"pricing__title\">Starter Package<\/h3><div class=\"pricing__price\"><span class=\"pricing__currency\">$<\/span>99<\/div><p class=\"pricing__sentence\">Start Deal<\/p><ul class=\"pricing__feature-list\"><li class=\"pricing__feature\">Machine installation<\/li><li class=\"pricing__feature\">Control systems<\/li><li class=\"pricing__feature\">Maintence<\/li><li class=\"pricing__feature\">Insurance<\/li><\/ul><a class=\"pricing__action\" href=\"#\">GET STARTED<\/a><\/div><\/div><\/div>\n    <\/div>\n    <style type=\"text\/css\" media=\"screen\">\n          .pricing--tenzin#pricing_tbl-69e1c9053eb5f .pricing__action {\n              background: #1f71d0;\n          }\n\n          .pricing--tenzin#pricing_tbl-69e1c9053eb5f .pricing__action:hover,\n          .pricing--tenzin#pricing_tbl-69e1c9053eb5f .pricing__action:focus {\n              background-color: rgba(31,113,208,0.9);\n          }\n          .pricing--tenzin#pricing_tbl-69e1c9053eb5f .pricing__item:hover {\n              border-color: rgba(31,113,208,0.9);\n          }\n          .pricing--pema#pricing_tbl-69e1c9053eb5f .pricing__sentence {\n              color: ;\n          }\n          .pricing--pema#pricing_tbl-69e1c9053eb5f .pricing__price {\n              color: ;\n          }\n          .pricing--pema#pricing_tbl-69e1c9053eb5f .pricing__action {\n              background-color: ;\n          }\n          .pricing--pema#pricing_tbl-69e1c9053eb5f .pricing__action:hover,\n          .pricing--pema#pricing_tbl-69e1c9053eb5f .pricing__action:focus {\n              background-color: ;\n          }\n          .pricing--pema#pricing_tbl-69e1c9053eb5f .pricing__item {\n              background:  none repeat scroll 0 0;\n              transition: all 300ms ease-in-out 0ms;\n              -ms-transformtransition: all 300ms ease-in-out 0ms;\n              -webkit-transformtransition: all 300ms ease-in-out 0ms;\n          }\n          .pricing--pema#pricing_tbl-69e1c9053eb5f .pricing__item:hover {\n              background:  none repeat scroll 0 0;\n              transition: all 300ms ease-in-out 0ms;\n              -ms-transformtransition: all 300ms ease-in-out 0ms;\n              -webkit-transformtransition: all 300ms ease-in-out 0ms;\n          }\n      <\/style>[\/vc_column_inner][vc_column_inner width=&#8221;1\/3&#8243;]<div class=\"row\"><div class=\"pricing-section wow bounce\"><div id=\"pricing_tbl-69e1c9053ebf2\" class=\"pricing pricing--tenzin\"><div class=\"pricing__item \"><h3 class=\"pricing__title\">PRO Package<\/h3><div class=\"pricing__price\"><span class=\"pricing__currency\">$<\/span>149<\/div><p class=\"pricing__sentence\">Best Deal<\/p><ul class=\"pricing__feature-list\"><li class=\"pricing__feature\">Machine &amp; cable installation<\/li><li class=\"pricing__feature\">Control &amp; testing systems<\/li><li class=\"pricing__feature\">Maintence<\/li><li class=\"pricing__feature\">Insurance<\/li><\/ul><a class=\"pricing__action\" href=\"#\">GET STARTED<\/a><\/div><\/div><\/div>\n    <\/div>\n    <style type=\"text\/css\" media=\"screen\">\n          .pricing--tenzin#pricing_tbl-69e1c9053ebf2 .pricing__action {\n              background: #1f71d0;\n          }\n\n          .pricing--tenzin#pricing_tbl-69e1c9053ebf2 .pricing__action:hover,\n          .pricing--tenzin#pricing_tbl-69e1c9053ebf2 .pricing__action:focus {\n              background-color: rgba(31,113,208,0.9);\n          }\n          .pricing--tenzin#pricing_tbl-69e1c9053ebf2 .pricing__item:hover {\n              border-color: rgba(31,113,208,0.9);\n          }\n          .pricing--pema#pricing_tbl-69e1c9053ebf2 .pricing__sentence {\n              color: ;\n          }\n          .pricing--pema#pricing_tbl-69e1c9053ebf2 .pricing__price {\n              color: ;\n          }\n          .pricing--pema#pricing_tbl-69e1c9053ebf2 .pricing__action {\n              background-color: ;\n          }\n          .pricing--pema#pricing_tbl-69e1c9053ebf2 .pricing__action:hover,\n          .pricing--pema#pricing_tbl-69e1c9053ebf2 .pricing__action:focus {\n              background-color: ;\n          }\n          .pricing--pema#pricing_tbl-69e1c9053ebf2 .pricing__item {\n              background:  none repeat scroll 0 0;\n              transition: all 300ms ease-in-out 0ms;\n              -ms-transformtransition: all 300ms ease-in-out 0ms;\n              -webkit-transformtransition: all 300ms ease-in-out 0ms;\n          }\n          .pricing--pema#pricing_tbl-69e1c9053ebf2 .pricing__item:hover {\n              background:  none repeat scroll 0 0;\n              transition: all 300ms ease-in-out 0ms;\n              -ms-transformtransition: all 300ms ease-in-out 0ms;\n              -webkit-transformtransition: all 300ms ease-in-out 0ms;\n          }\n      <\/style>[\/vc_column_inner][vc_column_inner width=&#8221;1\/3&#8243;]<div class=\"row\"><div class=\"pricing-section wow bounce\"><div id=\"pricing_tbl-69e1c9053ecfd\" class=\"pricing pricing--tenzin\"><div class=\"pricing__item \"><h3 class=\"pricing__title\">Business Package<\/h3><div class=\"pricing__price\"><span class=\"pricing__currency\">$<\/span>199<\/div><p class=\"pricing__sentence\">Business Package<\/p><ul class=\"pricing__feature-list\"><li class=\"pricing__feature\">Machine &amp; cable installation<\/li><li class=\"pricing__feature\">Control &amp; testing systems<\/li><li class=\"pricing__feature\">Maintence &amp; repairs<\/li><li class=\"pricing__feature\">Unlimited insurence<\/li><\/ul><a class=\"pricing__action\" href=\"#\">GET STARTED<\/a><\/div><\/div><\/div>\n    <\/div>\n    <style type=\"text\/css\" media=\"screen\">\n          .pricing--tenzin#pricing_tbl-69e1c9053ecfd .pricing__action {\n              background: #1f71d0;\n          }\n\n          .pricing--tenzin#pricing_tbl-69e1c9053ecfd .pricing__action:hover,\n          .pricing--tenzin#pricing_tbl-69e1c9053ecfd .pricing__action:focus {\n              background-color: rgba(31,113,208,0.9);\n          }\n          .pricing--tenzin#pricing_tbl-69e1c9053ecfd .pricing__item:hover {\n              border-color: rgba(31,113,208,0.9);\n          }\n          .pricing--pema#pricing_tbl-69e1c9053ecfd .pricing__sentence {\n              color: ;\n          }\n          .pricing--pema#pricing_tbl-69e1c9053ecfd .pricing__price {\n              color: ;\n          }\n          .pricing--pema#pricing_tbl-69e1c9053ecfd .pricing__action {\n              background-color: ;\n          }\n          .pricing--pema#pricing_tbl-69e1c9053ecfd .pricing__action:hover,\n          .pricing--pema#pricing_tbl-69e1c9053ecfd .pricing__action:focus {\n              background-color: ;\n          }\n          .pricing--pema#pricing_tbl-69e1c9053ecfd .pricing__item {\n              background:  none repeat scroll 0 0;\n              transition: all 300ms ease-in-out 0ms;\n              -ms-transformtransition: all 300ms ease-in-out 0ms;\n              -webkit-transformtransition: all 300ms ease-in-out 0ms;\n          }\n          .pricing--pema#pricing_tbl-69e1c9053ecfd .pricing__item:hover {\n              background:  none repeat scroll 0 0;\n              transition: all 300ms ease-in-out 0ms;\n              -ms-transformtransition: all 300ms ease-in-out 0ms;\n              -webkit-transformtransition: all 300ms ease-in-out 0ms;\n          }\n      <\/style>[\/vc_column_inner][\/vc_row_inner][\/vc_column][\/vc_row][vc_row full_width=&#8221;stretch_row&#8221; css=&#8221;.vc_custom_1488465271983{margin-top: 0px !important;margin-bottom: 0px !important;padding-top: 80px !important;padding-bottom: 60px !important;}&#8221;][vc_column][vc_custom_heading text=&#8221;Customers feedback&#8221; font_container=&#8221;tag:h1|font_size:36px|text_align:center|color:%23252525|line_height:30px&#8221; google_fonts=&#8221;font_family:Montserrat%3Aregular%2C700|font_style:700%20bold%20regular%3A700%3Anormal&#8221;][vc_empty_space height=&#8221;40px&#8221;]<style type=\"text\/css\" scoped>\n                .testimonial01-img-holder::before {\n                  background: #1f71d0 none repeat scroll 0 0;\n                  border-radius: 50%;\n                  content: \"\";\n                  height: 10px;\n                  position: absolute;\n                  top: -5px;\n                  width: 10px;\n                }\n              <\/style><div class=\"vc_row\"><div class=\"wow  testimonials-container-3 owl-carousel owl-theme\">\n                \t<div class=\"item vc_col-md-12 relative\">\n\t                \t<div class=\"testimonial01_item\">\n\t\t                \t<div class=\"testimonail01-content\" style=\"border-color: #1f71d0\"><p>I understand a ship to be made for the carrying and preservation of the cargo, and so long<\/div>\n\t\t\t\t                \t<div class=\"testimonial01-img-holder pull-left\">\n\t\t\t\t                            <div class=\"testimonial01-img\"><img decoding=\"async\" src=\"https:\/\/www.liongarage.net\/wp-content\/uploads\/2016\/02\/mt_diagnose_test1.png\" alt=\"John Christian\" \/><\/div>\n\t\t     \t\t<\/div> \n\t\t                \t   \t<h4><strong>John Christian<\/strong><\/h4>\n\t                    \t\t<h5>CEO <span>-<\/span> The Guarding<\/h5>\n\t\t                    <\/div>\n\t                <\/div>\n                \t<div class=\"item vc_col-md-12 relative\">\n\t                \t<div class=\"testimonial01_item\">\n\t\t                \t<div class=\"testimonail01-content\" style=\"border-color: #1f71d0\"><p>Life has obliged him to remember so much useful knowledge that he has lost not only his history,<\/div>\n\t\t\t\t                \t<div class=\"testimonial01-img-holder pull-left\">\n\t\t\t\t                            <div class=\"testimonial01-img\"><img decoding=\"async\" src=\"https:\/\/www.liongarage.net\/wp-content\/uploads\/2016\/01\/mt_diagnose_test2.png\" alt=\"Jules Rackon\" \/><\/div>\n\t\t     \t\t<\/div> \n\t\t                \t   \t<h4><strong>Jules Rackon<\/strong><\/h4>\n\t                    \t\t<h5>ARCHITECT <span>-<\/span> Facebook<\/h5>\n\t\t                    <\/div>\n\t                <\/div>\n                \t<div class=\"item vc_col-md-12 relative\">\n\t                \t<div class=\"testimonial01_item\">\n\t\t                \t<div class=\"testimonail01-content\" style=\"border-color: #1f71d0\"><p>In the early 1800s, both Spain and Portugal disseminated the smallpox vaccine throughout the Americas via the &#8216;arm<\/div>\n\t\t\t\t                \t<div class=\"testimonial01-img-holder pull-left\">\n\t\t\t\t                            <div class=\"testimonial01-img\"><img decoding=\"async\" src=\"https:\/\/www.liongarage.net\/wp-content\/uploads\/2016\/01\/mt_diagnose_test3.png\" alt=\"Mark Binneton\" \/><\/div>\n\t\t     \t\t<\/div> \n\t\t                \t   \t<h4><strong>Mark Binneton<\/strong><\/h4>\n\t                    \t\t<h5>WELDER <span>-<\/span> Yahoo<\/h5>\n\t\t                    <\/div>\n\t                <\/div>\n                \t<div class=\"item vc_col-md-12 relative\">\n\t                \t<div class=\"testimonial01_item\">\n\t\t                \t<div class=\"testimonail01-content\" style=\"border-color: #1f71d0\"><p>I&#8217;ve been focused on detecting nuclear terrorism at ports, in cargo containers, and I developed and built detectors<\/div>\n\t\t\t\t                \t<div class=\"testimonial01-img-holder pull-left\">\n\t\t\t\t                            <div class=\"testimonial01-img\"><img decoding=\"async\" src=\"https:\/\/www.liongarage.net\/wp-content\/uploads\/2016\/01\/mt_diagnose_test4.png\" alt=\"Ben Fillet\" \/><\/div>\n\t\t     \t\t<\/div> \n\t\t                \t   \t<h4><strong>Ben Fillet<\/strong><\/h4>\n\t                    \t\t<h5>Worker <span>-<\/span> Google<\/h5>\n\t\t                    <\/div>\n\t                <\/div><\/div>\n    \t<\/div>[\/vc_column][\/vc_row][vc_row full_width=&#8221;stretch_row_content_no_spaces&#8221; equal_height=&#8221;yes&#8221; content_placement=&#8221;middle&#8221; css=&#8221;.vc_custom_1709893431779{margin-top: 0px !important;margin-right: 0px !important;margin-bottom: 0px !important;margin-left: 0px !important;padding-top: 0px !important;padding-right: 0px !important;padding-bottom: 0px !important;padding-left: 0px !important;}&#8221;][vc_column width=&#8221;1\/2&#8243;]<div class=\"sbvcgmap-map-wrapper\" style=\"width:100%;height:600px\"><div class=\"sbvcgmap-map\" zoom=\"5\" maptype=\"ROADMAP\" panoramatogglebutton=\"no\" pancontrol=\"yes\" pancontrol_position=\"TOP_LEFT\" zoomcontrol=\"no\" zoomcontrol_position=\"TOP_LEFT\" zoomcontrolstyle=\"DEFAULT\" maptypecontrol=\"yes\" maptypecontrol_position=\"TOP_RIGHT\" streetviewcontrol=\"yes\" streetviewcontrol_position=\"TOP_LEFT\" overviewmapcontrol=\"yes\" overviewmapcontrolvisible=\"no\" maptypecontrolstyle=\"DEFAULT\" mapstyle=\"style-55\" weather=\"no\" traffic=\"no\" transit=\"no\" bicycle=\"no\" panoramio=\"no\" draggable=\"yes\" scrollwheel=\"no\" cplatitude=\"0\" cplongitude=\"0\" scalecontrol=\"yes\" searchtype=\"disabled\" searchradius=\"500\" searchiconanimation=\"NONE\" searchdirectiontext=\"\" reloadonresize=\"no\" clustering=\"no\" style=\"width:100%;height:600px\"><div class=\"sbvcgmap-marker\" data-lat=\"37.3306933\" data-lng=\"-121.8995236\" infowindow=\"no\" icon=\"https:\/\/www.liongarage.net\/wp-content\/uploads\/2016\/02\/mt_diagnose_pin.png\" animation=\"DROP\" customstyles=\"no\" >Here we are<\/div><div class=\"sbvcgmap-marker\" data-lat=\"40.7063634\" data-lng=\"-74.0754981\" infowindow=\"no\" icon=\"https:\/\/www.liongarage.net\/wp-content\/uploads\/2016\/02\/mt_diagnose_pin.png\" animation=\"DROP\" customstyles=\"no\" >Here we are<\/div><div class=\"sbvcgmap-marker\" data-lat=\"37.552514\" data-lng=\"-86.6916524\" infowindow=\"no\" icon=\"https:\/\/www.liongarage.net\/wp-content\/uploads\/2016\/02\/mt_diagnose_pin.png\" animation=\"DROP\" customstyles=\"no\" >Hey KFC<\/div><div class=\"sbvcgmap-marker\" data-lat=\"43.9719964\" data-lng=\"-101.5425427\" infowindow=\"no\" icon=\"https:\/\/www.liongarage.net\/wp-content\/uploads\/2016\/02\/mt_diagnose_pin.png\" animation=\"DROP\" customstyles=\"no\" >South Dakota here<\/div><\/div><\/div>[\/vc_column][vc_column width=&#8221;1\/2&#8243; css=&#8221;.vc_custom_1709893424035{padding-right: 60px !important;padding-left: 60px !important;background-image: url(https:\/\/diagnose.modeltheme.com\/wp-content\/uploads\/2016\/02\/pricing_style1_background.jpg?id=6225) !important;background-position: center !important;background-repeat: no-repeat !important;background-size: cover !important;}&#8221;][vc_custom_heading text=&#8221;Get in touch with us&#8221; font_container=&#8221;tag:h1|font_size:36px|text_align:left|color:%23ffffff|line_height:30px&#8221; google_fonts=&#8221;font_family:Montserrat%3Aregular%2C700|font_style:700%20bold%20regular%3A700%3Anormal&#8221; css=&#8221;.vc_custom_1488292474467{padding-left: 10px !important;}&#8221;][vc_empty_space height=&#8221;40px&#8221;]<form method=\"POST\" class=\"row wow fadeInUp\" id=\"contact01_form\" novalidate=\"novalidate\"><div class=\"content\"><div class=\"vc_col-md-6 first_set_inputs\"><div class=\"first_name_input\"><span class=\"input input--kohana\"><label for=\"input-4\" class=\"input__label input__label--kohana\"><i class=\"fa fa-user icon icon--kohana\"><\/i><span class=\"input__label-content input__label-content--kohana\">First Name<\/span><\/label><input autocomplete=\"off\" type=\"text\" id=\"input-4\" class=\"input__field input__field--kohana\" name=\"user_first_name\"><\/span><\/div><div class=\"last_name_input\"><span class=\"input input--kohana\"><label for=\"input-8\" class=\"input__label input__label--kohana\"><i class=\"fa fa fa-user icon icon--kohana\"><\/i><span class=\"input__label-content input__label-content--kohana\">Last Name<\/span><\/label><input autocomplete=\"off\" type=\"text\" id=\"input-8\" class=\"input__field input__field--kohana\" name=\"user_last_name\"><\/span><\/div><\/div><div class=\"vc_col-md-6 first_set_inputs\"><div class=\"email_input\"><span class=\"input input--kohana\"><label for=\"input-5\" class=\"input__label input__label--kohana\"><i class=\"fa fa-envelope icon icon--kohana\"><\/i><span class=\"input__label-content input__label-content--kohana\">Email Address<\/span><\/label><input autocomplete=\"off\" type=\"email\" id=\"input-5\" class=\"input__field input__field--kohana\" name=\"user_email\"><\/span><\/div><div class=\"subject_input\"><span class=\"input input--kohana\"><label for=\"input-6\" class=\"input__label input__label--kohana\"><i class=\"fa fa-pencil-square-o icon icon--kohana\"><\/i><span class=\"input__label-content input__label-content--kohana\">Subject<\/span><\/label><input autocomplete=\"off\" type=\"text\" id=\"input-6\" class=\"input__field input__field--kohana\" name=\"user_subject\"><\/span><\/div><\/div><div class=\"vc_col-md-12 second_set_inputs\"><div class=\"message_input\"><span class=\"input input--kohana\"><label for=\"input-7\" class=\"input__label textarea__label input__label--kohana textarea__label--kohana\"><i class=\"fa fa-comments icon icon--kohana\"><\/i><span class=\"input__label-content input__label-content--kohana\">Message<\/span><\/label><input autocomplete=\"off\" type=\"text\" id=\"input-7\" class=\"input__field textarea__field input__field--kohana textarea__field--kohana\" name=\"user_message\"><\/span><\/div><\/div><div class=\"vc_col-md-3 contact_button text-center\">\n                  \n                  <button name=\"contact_me\" type=\"submit\" class=\"vc_general vc_btn3 vc_btn3-size-md vc_btn3-shape-rounded vc_btn3-style-custom\" style=\"background-color:#1f71d0; color:#ffffff;\">Contact us<\/button><\/div><\/div><\/form>[\/vc_column][\/vc_row]<\/p>\n<\/div>","protected":false},"excerpt":{"rendered":"<p>[vc_row full_width=&#8221;stretch_row_content&#8221; content_placement=&#8221;middle&#8221; css=&#8221;.vc_custom_1488465914497{margin-top: 0px !important;margin-bottom: 0px !important;padding-top: 0px !important;padding-bottom: 0px !important;}&#8221;][vc_column width=&#8221;1\/2&#8243; css=&#8221;.vc_custom_1475066783855{margin-right: 0px !important;margin-bottom: 0px !important;margin-left: 0px !important;padding-right: 0px !important;padding-left: 0px !important;}&#8221; el_class=&#8221;col-xs-12 col-sm-12&#8243;][vc_row_inner content_placement=&#8221;top&#8221; css=&#8221;.vc_custom_1475067809780{margin-right: 0px !important;margin-bottom: 0px !important;margin-left: 0px !important;padding-right: 60px !important;padding-bottom: 0px !important;padding-left: 60px !important;}&#8221; el_class=&#8221;about-mobile-responsive&#8221;][vc_column_inner css=&#8221;.vc_custom_1467188481059{margin-top: 0px !important;margin-bottom: 0px !important;padding-top: 0px !important;padding-bottom: 0px !important;}&#8221;][vc_custom_heading text=&#8221;HAKKIMIZDA&#8221; font_container=&#8221;tag:h1|font_size:36px|text_align:left|color:%23252525|line_height:30px&#8221; google_fonts=&#8221;font_family:Montserrat%3Aregular%2C700|font_style:700%20bold%20regular%3A700%3Anormal&#8221; css=&#8221;&#8221;][vc_empty_space height=&#8221;20px&#8221;][vc_column_text [&hellip;]<\/p>\n","protected":false},"author":1,"featured_media":0,"parent":0,"menu_order":0,"comment_status":"closed","ping_status":"closed","template":"","meta":{"footnotes":""},"class_list":["post-2020","page","type-page","status-publish","hentry"],"_links":{"self":[{"href":"https:\/\/www.liongarage.net\/index.php\/wp-json\/wp\/v2\/pages\/2020","targetHints":{"allow":["GET"]}}],"collection":[{"href":"https:\/\/www.liongarage.net\/index.php\/wp-json\/wp\/v2\/pages"}],"about":[{"href":"https:\/\/www.liongarage.net\/index.php\/wp-json\/wp\/v2\/types\/page"}],"author":[{"embeddable":true,"href":"https:\/\/www.liongarage.net\/index.php\/wp-json\/wp\/v2\/users\/1"}],"replies":[{"embeddable":true,"href":"https:\/\/www.liongarage.net\/index.php\/wp-json\/wp\/v2\/comments?post=2020"}],"version-history":[{"count":7,"href":"https:\/\/www.liongarage.net\/index.php\/wp-json\/wp\/v2\/pages\/2020\/revisions"}],"predecessor-version":[{"id":6949,"href":"https:\/\/www.liongarage.net\/index.php\/wp-json\/wp\/v2\/pages\/2020\/revisions\/6949"}],"wp:attachment":[{"href":"https:\/\/www.liongarage.net\/index.php\/wp-json\/wp\/v2\/media?parent=2020"}],"curies":[{"name":"wp","href":"https:\/\/api.w.org\/{rel}","templated":true}]}}